{"id":3861,"date":"2019-11-19T15:19:08","date_gmt":"2019-11-19T14:19:08","guid":{"rendered":"https:\/\/spozywo.pl\/?post_type=product&#038;p=3861"},"modified":"2020-01-13T14:39:39","modified_gmt":"2020-01-13T13:39:39","slug":"skad-sie-biora-zdrowi-ludzie-ebook","status":"publish","type":"product","link":"https:\/\/spozywo.org\/?product=skad-sie-biora-zdrowi-ludzie-ebook","title":{"rendered":"&#8222;Sk\u0105d si\u0119 bior\u0105 zdrowi ludzie&#8221; &#8211; ebook"},"content":{"rendered":"","protected":false},"excerpt":{"rendered":"<p>Cena: 29 PLN<\/p>\n","protected":false},"featured_media":3866,"comment_status":"open","ping_status":"closed","template":"","meta":[],"product_cat":[],"product_tag":[],"class_list":{"0":"post-3861","1":"product","2":"type-product","3":"status-publish","4":"has-post-thumbnail","7":"first","8":"instock","9":"downloadable","10":"virtual","11":"purchasable","12":"product-type-simple"},"_links":{"self":[{"href":"https:\/\/spozywo.org\/index.php?rest_route=\/wp\/v2\/product\/3861","targetHints":{"allow":["GET"]}}],"collection":[{"href":"https:\/\/spozywo.org\/index.php?rest_route=\/wp\/v2\/product"}],"about":[{"href":"https:\/\/spozywo.org\/index.php?rest_route=\/wp\/v2\/types\/product"}],"replies":[{"embeddable":true,"href":"https:\/\/spozywo.org\/index.php?rest_route=%2Fwp%2Fv2%2Fcomments&post=3861"}],"wp:featuredmedia":[{"embeddable":true,"href":"https:\/\/spozywo.org\/index.php?rest_route=\/wp\/v2\/media\/3866"}],"wp:attachment":[{"href":"https:\/\/spozywo.org\/index.php?rest_route=%2Fwp%2Fv2%2Fmedia&parent=3861"}],"wp:term":[{"taxonomy":"product_cat","embeddable":true,"href":"https:\/\/spozywo.org\/index.php?rest_route=%2Fwp%2Fv2%2Fproduct_cat&post=3861"},{"taxonomy":"product_tag","embeddable":true,"href":"https:\/\/spozywo.org\/index.php?rest_route=%2Fwp%2Fv2%2Fproduct_tag&post=3861"}],"curies":[{"name":"wp","href":"https:\/\/api.w.org\/{rel}","templated":true}]}}