{"id":1538,"date":"2018-07-24T14:25:42","date_gmt":"2018-07-24T12:25:42","guid":{"rendered":"https:\/\/spozywo.pl\/produkt\/import-placeholder-for-1766\/"},"modified":"2020-03-24T09:34:29","modified_gmt":"2020-03-24T08:34:29","slug":"zywienie-w-stanach-chorobowych","status":"publish","type":"product","link":"https:\/\/spozywo.org\/?product=zywienie-w-stanach-chorobowych","title":{"rendered":"\u017bywienie w stanach chorobowych"},"content":{"rendered":"<h2>Informacje o pakietach<\/h2>\n<p><span style=\"font-weight: 400;\">Konsultacja przeznaczona dla os\u00f3b, kt\u00f3re chc\u0105 wspom\u00f3c leczenie odpowiednio dobran\u0105 diet\u0105. Ka\u017cdy przypadek rozpatrujemy indywidualnie. Dobieramy specjalist\u0119 pod k\u0105tem schorzenia, na kt\u00f3re chorujesz.<\/span><\/p>\n<p><span style=\"font-weight: 400;\">Oferujemy diet\u0119 wspomagaj\u0105c\u0105 terapi\u0119 w takich chorobach jak: cukrzyca, mia\u017cd\u017cyca, celiakia, nietolerancja laktozy, AZS, RZS, niedoczynno\u015b\u0107 tarczycy, Hashimoto, alergie pokarmowe, dna moczanowa, choroby w\u0105troby, nerek, serca, nadci\u015bnienie, PCOS, insulinooporno\u015b\u0107, anemia, nowotwory, stwardnienie rozsiane, refluks, zesp\u00f3\u0142 jelita dra\u017cliwego i innych.<\/span><\/p>\n","protected":false},"excerpt":{"rendered":"<p><span style=\"font-weight: 400;\">Konsultacja przeznaczona dla os\u00f3b cierpi\u0105cych na choroby dietozale\u017cne, schorzenia endokrynologiczne, autoimmunologiczne oraz inne choroby przewlek\u0142e.<\/span><\/p>\n<p><span style=\"font-weight: 400;\">Gdy op\u0142acisz konsultacj\u0119, wype\u0142niasz wywiad zdrowotno-\u017cywieniowy. Nast\u0119pnie dietetyk zapozna si\u0119 z Twoim przypadkiem i przygotuje zalecenia \u017cywieniowe dostosowane do Twoich potrzeb. Otrzymasz szczeg\u00f3\u0142owe informacje i porady na temat \u017cywienia wspomagaj\u0105cego terapi\u0119 i poprawiaj\u0105cego samopoczucie.<\/span><\/p>\n<p><span style=\"font-weight: 400;\">Wybierz rodzaj konsultacji, kt\u00f3ra najlepiej odpowiada Twoim potrzebom. Je\u017celi chcesz otrzyma\u0107 jad\u0142ospis z posi\u0142kami przygotowanymi specjalnie dla Ciebie, wybierz opcj\u0119 nr 1. Pomoc w modyfikacji i stworzeniu zdrowego podej\u015bcia do diety na zawsze otrzymasz w opcji nr 2 i 3.<\/span><\/p>\n","protected":false},"featured_media":1595,"comment_status":"open","ping_status":"closed","template":"","meta":[],"product_cat":[],"product_tag":[],"class_list":{"0":"post-1538","1":"product","2":"type-product","3":"status-publish","4":"has-post-thumbnail","7":"first","8":"instock","9":"shipping-taxable","10":"purchasable","11":"product-type-simple"},"_links":{"self":[{"href":"https:\/\/spozywo.org\/index.php?rest_route=\/wp\/v2\/product\/1538","targetHints":{"allow":["GET"]}}],"collection":[{"href":"https:\/\/spozywo.org\/index.php?rest_route=\/wp\/v2\/product"}],"about":[{"href":"https:\/\/spozywo.org\/index.php?rest_route=\/wp\/v2\/types\/product"}],"replies":[{"embeddable":true,"href":"https:\/\/spozywo.org\/index.php?rest_route=%2Fwp%2Fv2%2Fcomments&post=1538"}],"wp:featuredmedia":[{"embeddable":true,"href":"https:\/\/spozywo.org\/index.php?rest_route=\/wp\/v2\/media\/1595"}],"wp:attachment":[{"href":"https:\/\/spozywo.org\/index.php?rest_route=%2Fwp%2Fv2%2Fmedia&parent=1538"}],"wp:term":[{"taxonomy":"product_cat","embeddable":true,"href":"https:\/\/spozywo.org\/index.php?rest_route=%2Fwp%2Fv2%2Fproduct_cat&post=1538"},{"taxonomy":"product_tag","embeddable":true,"href":"https:\/\/spozywo.org\/index.php?rest_route=%2Fwp%2Fv2%2Fproduct_tag&post=1538"}],"curies":[{"name":"wp","href":"https:\/\/api.w.org\/{rel}","templated":true}]}}