{"id":1534,"date":"2018-07-24T14:25:42","date_gmt":"2018-07-24T12:25:42","guid":{"rendered":"https:\/\/spozywo.pl\/produkt\/import-placeholder-for-1762\/"},"modified":"2020-03-24T09:23:36","modified_gmt":"2020-03-24T08:23:36","slug":"dieta-redukcyjna","status":"publish","type":"product","link":"https:\/\/spozywo.org\/?product=dieta-redukcyjna","title":{"rendered":"Dieta redukcyjna"},"content":{"rendered":"<h2>Informacje o pakietach<\/h2>\n<p><span style=\"font-weight: 400;\">Dieta redukcyjna to szczeg\u00f3lny rodzaj diety, kt\u00f3rej celem jest zmniejszenie wagi cia\u0142a u pacjenta z nadwag\u0105 lub oty\u0142o\u015bci\u0105. Oferujemy indywidualnie dopasowane porady, dzi\u0119ki kt\u00f3rym schudniesz zdrowo, trwale i bez efektu jojo. Stosujemy nietypowe podej\u015bcie, kt\u00f3re opiera si\u0119 na samodzielnej pracy nad zmian\u0105 dotychczasowych nawyk\u00f3w, co pozwala zachowa\u0107 efekt tak\u017ce po zako\u0144czeniu wsp\u00f3\u0142pracy z dietetykiem.<\/span><\/p>\n","protected":false},"excerpt":{"rendered":"<p><span style=\"font-weight: 400;\">Konsultacja indywidualna dla os\u00f3b z nadwag\u0105 lub oty\u0142o\u015bci\u0105, kt\u00f3re chc\u0105 zdrowo, trwale schudn\u0105\u0107 bez ryzyka efektu jojo. <\/span><\/p>\n<p><span style=\"font-weight: 400;\">Dietetyk przeprowadza wywiad i ustala plan dzia\u0142ania, kt\u00f3ry uwzgl\u0119dnia problemy zdrowotne i upodobania \u017cywieniowe pacjenta. Proponuje indywidualnie dopasowane porady, kt\u00f3rych wdro\u017cenie pomo\u017ce w osi\u0105gni\u0119ciu zak\u0142adanego celu. Zapewniamy tak\u017ce wsparcie i motywacj\u0119 przez ca\u0142y czas trwania programu.<\/span><\/p>\n<p><span style=\"font-weight: 400;\">Oferujemy kilka rodzaj\u00f3w konsultacji. Wybierz t\u0119, kt\u00f3ra Ci odpowiada.\u00a0<\/span><span style=\"font-weight: 400;\"> Je\u017celi chcesz otrzyma\u0107 jad\u0142ospis z posi\u0142kami przygotowanymi specjalnie dla Ciebie, wybierz opcj\u0119 nr 1. Pomoc w modyfikacji i stworzeniu zdrowego podej\u015bcia do diety na zawsze otrzymasz w opcji nr 2 i 3.<\/span><\/p>\n","protected":false},"featured_media":1589,"comment_status":"open","ping_status":"closed","template":"","meta":[],"product_cat":[],"product_tag":[],"class_list":{"0":"post-1534","1":"product","2":"type-product","3":"status-publish","4":"has-post-thumbnail","7":"first","8":"instock","9":"shipping-taxable","10":"purchasable","11":"product-type-simple"},"_links":{"self":[{"href":"https:\/\/spozywo.org\/index.php?rest_route=\/wp\/v2\/product\/1534","targetHints":{"allow":["GET"]}}],"collection":[{"href":"https:\/\/spozywo.org\/index.php?rest_route=\/wp\/v2\/product"}],"about":[{"href":"https:\/\/spozywo.org\/index.php?rest_route=\/wp\/v2\/types\/product"}],"replies":[{"embeddable":true,"href":"https:\/\/spozywo.org\/index.php?rest_route=%2Fwp%2Fv2%2Fcomments&post=1534"}],"wp:featuredmedia":[{"embeddable":true,"href":"https:\/\/spozywo.org\/index.php?rest_route=\/wp\/v2\/media\/1589"}],"wp:attachment":[{"href":"https:\/\/spozywo.org\/index.php?rest_route=%2Fwp%2Fv2%2Fmedia&parent=1534"}],"wp:term":[{"taxonomy":"product_cat","embeddable":true,"href":"https:\/\/spozywo.org\/index.php?rest_route=%2Fwp%2Fv2%2Fproduct_cat&post=1534"},{"taxonomy":"product_tag","embeddable":true,"href":"https:\/\/spozywo.org\/index.php?rest_route=%2Fwp%2Fv2%2Fproduct_tag&post=1534"}],"curies":[{"name":"wp","href":"https:\/\/api.w.org\/{rel}","templated":true}]}}