{"id":1522,"date":"2018-07-24T14:25:41","date_gmt":"2018-07-24T12:25:41","guid":{"rendered":"https:\/\/spozywo.pl\/produkt\/import-placeholder-for-1749\/"},"modified":"2020-03-24T09:32:05","modified_gmt":"2020-03-24T08:32:05","slug":"konsultacja-sportowa","status":"publish","type":"product","link":"https:\/\/spozywo.org\/?product=konsultacja-sportowa","title":{"rendered":"Konsultacja Sportowa"},"content":{"rendered":"<h2>Informacje o pakietach<\/h2>\n<p><span style=\"font-weight: 400;\">Osoby \u017cyj\u0105ce aktywnie i trenuj\u0105ce sport maj\u0105 specyficzne potrzeby \u017cywieniowe, z kt\u00f3rych nie zawsze zdaj\u0105 sobie spraw\u0119. Z pomoc\u0105 przychodzi dietetyk online, kt\u00f3ry przeanalizuje tryb \u017cycia i specyfik\u0119 trening\u00f3w oraz dotychczasowe nawyki \u017cywieniowe, a nast\u0119pnie zaproponuje porady i zmiany do wdro\u017cenia. Oferujemy indywidualne podej\u015bcie i pomoc w realizacji zak\u0142adanych cel\u00f3w.<\/span><\/p>\n","protected":false},"excerpt":{"rendered":"<p><span style=\"font-weight: 400;\">Konsultacja dla ka\u017cdego, kto trenuje lub uprawia sport.<\/span><\/p>\n<p><span style=\"font-weight: 400;\">Zapewniamy pomoc przy zbilansowaniu diety dopasowanej do planu treningowego. Oferujemy u\u0142o\u017cenie jad\u0142ospisu, kt\u00f3ry odpowie na Twoje potrzeby i pomo\u017ce zrealizowa\u0107 cele. Sprawi, \u017ce b\u0119dziesz mie\u0107 wi\u0119cej energii do \u0107wicze\u0144, przyspieszy budowanie masy mi\u0119\u015bniowej, podkr\u0119ci metabolizm.<\/span><\/p>\n<p><span style=\"font-weight: 400;\">Oferujemy kilka rodzaj\u00f3w konsultacji. Wybierz t\u0119, kt\u00f3ra Ci odpowiada.<\/span><\/p>\n","protected":false},"featured_media":1591,"comment_status":"open","ping_status":"closed","template":"","meta":[],"product_cat":[],"product_tag":[],"class_list":{"0":"post-1522","1":"product","2":"type-product","3":"status-publish","4":"has-post-thumbnail","7":"first","8":"instock","9":"shipping-taxable","10":"purchasable","11":"product-type-simple"},"_links":{"self":[{"href":"https:\/\/spozywo.org\/index.php?rest_route=\/wp\/v2\/product\/1522","targetHints":{"allow":["GET"]}}],"collection":[{"href":"https:\/\/spozywo.org\/index.php?rest_route=\/wp\/v2\/product"}],"about":[{"href":"https:\/\/spozywo.org\/index.php?rest_route=\/wp\/v2\/types\/product"}],"replies":[{"embeddable":true,"href":"https:\/\/spozywo.org\/index.php?rest_route=%2Fwp%2Fv2%2Fcomments&post=1522"}],"wp:featuredmedia":[{"embeddable":true,"href":"https:\/\/spozywo.org\/index.php?rest_route=\/wp\/v2\/media\/1591"}],"wp:attachment":[{"href":"https:\/\/spozywo.org\/index.php?rest_route=%2Fwp%2Fv2%2Fmedia&parent=1522"}],"wp:term":[{"taxonomy":"product_cat","embeddable":true,"href":"https:\/\/spozywo.org\/index.php?rest_route=%2Fwp%2Fv2%2Fproduct_cat&post=1522"},{"taxonomy":"product_tag","embeddable":true,"href":"https:\/\/spozywo.org\/index.php?rest_route=%2Fwp%2Fv2%2Fproduct_tag&post=1522"}],"curies":[{"name":"wp","href":"https:\/\/api.w.org\/{rel}","templated":true}]}}