{"id":1518,"date":"2018-07-24T14:25:41","date_gmt":"2018-07-24T12:25:41","guid":{"rendered":"https:\/\/spozywo.pl\/produkt\/import-placeholder-for-1734\/"},"modified":"2022-01-25T21:39:28","modified_gmt":"2022-01-25T20:39:28","slug":"konsultacja-ogolna","status":"publish","type":"product","link":"https:\/\/spozywo.org\/?product=konsultacja-ogolna","title":{"rendered":"Konsultacja Og\u00f3lna"},"content":{"rendered":"<h2>Co robi\u0107, kiedy wydaje nam si\u0119, \u017ce nasza dieta nie jest zdrowa?<\/h2>\n<p> Konsultacja z dietetykiem online pomo\u017ce poprawi\u0107 nawyki \u017cywieniowe. Pomagamy urozmaici\u0107 diet\u0119 i radzimy, co zrobi\u0107, by od\u017cywia\u0107 si\u0119 lepiej, m\u0105drzej, bardziej prozdrowotnie. Stosujemy indywidualne podej\u015bcie, by pom\u00f3c realizowa\u0107 r\u00f3\u017cnorodne cele i odpowiada\u0107 na oczekiwania.<\/p>\n","protected":false},"excerpt":{"rendered":"<p><span style=\"font-weight: 400;\">Konsultacja og\u00f3lna z dietetykiem to oferta dla os\u00f3b, kt\u00f3re chc\u0105 od\u017cywia\u0107 si\u0119 zdrowiej i poprawi\u0107 swoje nawyki \u017cywieniowe. Dietetyk przeprowadzi wywiad, a nast\u0119pnie ustali plan dzia\u0142ania, kt\u00f3ry b\u0119dzie uwzgl\u0119dnia\u0107 problemy zdrowotne i upodobania \u017cywieniowe pacjenta.<\/span><\/p>\n<p><span style=\"font-weight: 400;\">Konsultacja zapewnia indywidualne podej\u015bcie do zagadnienia poprawy nawyk\u00f3w \u017cywieniowych. Odbywa si\u0119 na \u017cywo za po\u015brednictwem Skype, o wyznaczonej przez pacjenta godzinie.<\/span><\/p>\n","protected":false},"featured_media":1590,"comment_status":"open","ping_status":"closed","template":"","meta":[],"product_cat":[],"product_tag":[],"class_list":{"0":"post-1518","1":"product","2":"type-product","3":"status-publish","4":"has-post-thumbnail","7":"first","8":"instock","9":"shipping-taxable","10":"purchasable","11":"product-type-simple"},"_links":{"self":[{"href":"https:\/\/spozywo.org\/index.php?rest_route=\/wp\/v2\/product\/1518","targetHints":{"allow":["GET"]}}],"collection":[{"href":"https:\/\/spozywo.org\/index.php?rest_route=\/wp\/v2\/product"}],"about":[{"href":"https:\/\/spozywo.org\/index.php?rest_route=\/wp\/v2\/types\/product"}],"replies":[{"embeddable":true,"href":"https:\/\/spozywo.org\/index.php?rest_route=%2Fwp%2Fv2%2Fcomments&post=1518"}],"wp:featuredmedia":[{"embeddable":true,"href":"https:\/\/spozywo.org\/index.php?rest_route=\/wp\/v2\/media\/1590"}],"wp:attachment":[{"href":"https:\/\/spozywo.org\/index.php?rest_route=%2Fwp%2Fv2%2Fmedia&parent=1518"}],"wp:term":[{"taxonomy":"product_cat","embeddable":true,"href":"https:\/\/spozywo.org\/index.php?rest_route=%2Fwp%2Fv2%2Fproduct_cat&post=1518"},{"taxonomy":"product_tag","embeddable":true,"href":"https:\/\/spozywo.org\/index.php?rest_route=%2Fwp%2Fv2%2Fproduct_tag&post=1518"}],"curies":[{"name":"wp","href":"https:\/\/api.w.org\/{rel}","templated":true}]}}