{"id":1517,"date":"2018-07-24T14:25:41","date_gmt":"2018-07-24T12:25:41","guid":{"rendered":"https:\/\/spozywo.pl\/produkt\/import-placeholder-for-1724\/"},"modified":"2019-07-12T00:00:57","modified_gmt":"2019-07-11T22:00:57","slug":"torba-pasternak","status":"publish","type":"product","link":"https:\/\/spozywo.org\/?product=torba-pasternak","title":{"rendered":"Torba \u201ePasternak\u201d"},"content":{"rendered":"<p>Unikalna torba zakupowa od Stowarzyszenia Spo\u017cywo. Kupuj\u0105c j\u0105, wspierasz dzia\u0142alno\u015b\u0107 naszego stowarzyszenia. To cegie\u0142ka, kt\u00f3ra pozwoli nam rozwija\u0107 Twoj\u0105 wiedz\u0119 o zdrowym \u017cywieniu. Przy okazji ka\u017cdy dowie si\u0119, \u017ce zdrowe \u017cywienie nie jest Ci oboj\u0119tne.<\/p>\n","protected":false},"excerpt":{"rendered":"<p>Unikalna torba zakupowa od Stowarzyszenia Spo\u017cywo. Kupuj\u0105c j\u0105, wspierasz dzia\u0142alno\u015b\u0107 naszego stowarzyszenia. To cegie\u0142ka, kt\u00f3ra pozwoli nam rozwija\u0107 Twoj\u0105 wiedz\u0119 o zdrowym \u017cywieniu. Przy okazji ka\u017cdy dowie si\u0119, \u017ce zdrowe \u017cywienie nie jest Ci oboj\u0119tne.<\/p>\n","protected":false},"featured_media":1334,"comment_status":"open","ping_status":"closed","template":"","meta":[],"product_cat":[],"product_tag":[],"class_list":{"0":"post-1517","1":"product","2":"type-product","3":"status-publish","4":"has-post-thumbnail","7":"first","8":"instock","9":"shipping-taxable","10":"purchasable","11":"product-type-simple"},"_links":{"self":[{"href":"https:\/\/spozywo.org\/index.php?rest_route=\/wp\/v2\/product\/1517","targetHints":{"allow":["GET"]}}],"collection":[{"href":"https:\/\/spozywo.org\/index.php?rest_route=\/wp\/v2\/product"}],"about":[{"href":"https:\/\/spozywo.org\/index.php?rest_route=\/wp\/v2\/types\/product"}],"replies":[{"embeddable":true,"href":"https:\/\/spozywo.org\/index.php?rest_route=%2Fwp%2Fv2%2Fcomments&post=1517"}],"wp:featuredmedia":[{"embeddable":true,"href":"https:\/\/spozywo.org\/index.php?rest_route=\/wp\/v2\/media\/1334"}],"wp:attachment":[{"href":"https:\/\/spozywo.org\/index.php?rest_route=%2Fwp%2Fv2%2Fmedia&parent=1517"}],"wp:term":[{"taxonomy":"product_cat","embeddable":true,"href":"https:\/\/spozywo.org\/index.php?rest_route=%2Fwp%2Fv2%2Fproduct_cat&post=1517"},{"taxonomy":"product_tag","embeddable":true,"href":"https:\/\/spozywo.org\/index.php?rest_route=%2Fwp%2Fv2%2Fproduct_tag&post=1517"}],"curies":[{"name":"wp","href":"https:\/\/api.w.org\/{rel}","templated":true}]}}