{"id":3853,"date":"2019-11-19T14:26:39","date_gmt":"2019-11-19T13:26:39","guid":{"rendered":"https:\/\/spozywo.pl\/?page_id=3853"},"modified":"2019-11-20T16:25:11","modified_gmt":"2019-11-20T15:25:11","slug":"skad_sie_biora","status":"publish","type":"page","link":"https:\/\/spozywo.org\/?page_id=3853","title":{"rendered":"Sk\u0105d si\u0119 bior\u0105 zdrowi ludzie"},"content":{"rendered":"","protected":false},"excerpt":{"rendered":"","protected":false},"author":1,"featured_media":3910,"parent":0,"menu_order":0,"comment_status":"closed","ping_status":"closed","template":"book-page-new.php","meta":{"footnotes":""},"class_list":["post-3853","page","type-page","status-publish","has-post-thumbnail","hentry"],"_links":{"self":[{"href":"https:\/\/spozywo.org\/index.php?rest_route=\/wp\/v2\/pages\/3853","targetHints":{"allow":["GET"]}}],"collection":[{"href":"https:\/\/spozywo.org\/index.php?rest_route=\/wp\/v2\/pages"}],"about":[{"href":"https:\/\/spozywo.org\/index.php?rest_route=\/wp\/v2\/types\/page"}],"author":[{"embeddable":true,"href":"https:\/\/spozywo.org\/index.php?rest_route=\/wp\/v2\/users\/1"}],"replies":[{"embeddable":true,"href":"https:\/\/spozywo.org\/index.php?rest_route=%2Fwp%2Fv2%2Fcomments&post=3853"}],"version-history":[{"count":2,"href":"https:\/\/spozywo.org\/index.php?rest_route=\/wp\/v2\/pages\/3853\/revisions"}],"predecessor-version":[{"id":3905,"href":"https:\/\/spozywo.org\/index.php?rest_route=\/wp\/v2\/pages\/3853\/revisions\/3905"}],"wp:featuredmedia":[{"embeddable":true,"href":"https:\/\/spozywo.org\/index.php?rest_route=\/wp\/v2\/media\/3910"}],"wp:attachment":[{"href":"https:\/\/spozywo.org\/index.php?rest_route=%2Fwp%2Fv2%2Fmedia&parent=3853"}],"curies":[{"name":"wp","href":"https:\/\/api.w.org\/{rel}","templated":true}]}}