{"id":1892,"date":"2019-02-20T14:38:06","date_gmt":"2019-02-20T13:38:06","guid":{"rendered":"https:\/\/spozywo.pl\/?page_id=1892"},"modified":"2019-05-06T10:12:21","modified_gmt":"2019-05-06T08:12:21","slug":"specjalisci","status":"publish","type":"page","link":"https:\/\/spozywo.org\/?page_id=1892","title":{"rendered":"Specjali\u015bci"},"content":{"rendered":"<h2><b>Rozwojowa praca online <\/b><b><br \/>\n<\/b><b>dla dietetyk\u00f3w, lekarzy i specjalist\u00f3w<\/b><\/h2>\n<p>Stowarzyszenie Spo\u017cywo zatrudni dietetyk\u00f3w, wyk\u0142adowc\u00f3w i innych specjalist\u00f3w<br \/>\nz dziedziny \u017cywienia do wsp\u00f3\u0142pracy przy organizacji konferencji i spotka\u0144, udzielaniu konsultacji dla pacjent\u00f3w, tworzeniu materia\u0142\u00f3w dla pacjent\u00f3w i dietetyk\u00f3w.<\/p>\n<h3>CO OFERUJEMY?<\/h3>\n<ul>\n<li>prac\u0119 na zlecenie<\/li>\n<li>udzia\u0142 w projektach Stowarzyszenia: konferencje naukowe, szkolenia, spotkania<\/li>\n<li>wynagrodzenie za ka\u017cdy projekt<\/li>\n<li>wsparcie merytoryczne kadry naukowej z Pomorskiego Uniwersytetu Medycznego<\/li>\n<li>do\u015bwiadczenie zawodowe<\/li>\n<\/ul>\n<h3>O SPO\u017bYWIE<\/h3>\n<p>Dzia\u0142amy od 2016 r., zrzeszaj\u0105c praktykuj\u0105cych dietetyk\u00f3w, nauczycieli akademickich z uczelni medycznych i prywatnych, biotechnolog\u00f3w, doktor\u00f3w nauk medycznych, a tak\u017ce student\u00f3w dietetyki, \u017cywieniowc\u00f3w i pasjonat\u00f3w zdrowego trybu \u017cycia.<\/p>\n<p>Do Stowarzyszenia nale\u017cy ponad 20 zaanga\u017cowanych os\u00f3b.<\/p>\n<p>Tworzymy portal edukacyjny spozywo.pl, organizujemy prelekcje, konferencje naukowe oraz szkolenia i warsztaty dla dietetyk\u00f3w, udzielamy konsultacji dietetycznych (p\u0142atnych i bezp\u0142atnych).<\/p>\n<p>Wsp\u00f3\u0142pracujemy z kadr\u0105 naukow\u0105 Zak\u0142\u0105du Biochemii i \u017bywienia Pomorskiego Uniwersytetu Medycznego.<\/p>\n<h3>Do\u0142\u0105cz do nas!<\/h3>\n<p>By aplikowa\u0107, wype\u0142nij poni\u017cszy formularz.<\/p>\n<p>Skontaktujemy si\u0119 z Tob\u0105!<\/p>\n<p>&nbsp;<\/p>\n\n<div class=\"wpcf7 no-js\" id=\"wpcf7-f2079-o1\" lang=\"pl-PL\" dir=\"ltr\">\n<div class=\"screen-reader-response\"><p role=\"status\" aria-live=\"polite\" aria-atomic=\"true\"><\/p> <ul><\/ul><\/div>\n<form action=\"\/index.php?rest_route=%2Fwp%2Fv2%2Fpages%2F1892#wpcf7-f2079-o1\" method=\"post\" class=\"wpcf7-form init\" aria-label=\"Formularz kontaktowy\" novalidate=\"novalidate\" data-status=\"init\">\n<div style=\"display: none;\">\n<input type=\"hidden\" name=\"_wpcf7\" value=\"2079\" \/>\n<input type=\"hidden\" name=\"_wpcf7_version\" value=\"5.8\" \/>\n<input type=\"hidden\" name=\"_wpcf7_locale\" value=\"pl_PL\" \/>\n<input type=\"hidden\" name=\"_wpcf7_unit_tag\" value=\"wpcf7-f2079-o1\" \/>\n<input type=\"hidden\" name=\"_wpcf7_container_post\" value=\"0\" \/>\n<input type=\"hidden\" name=\"_wpcf7_posted_data_hash\" value=\"\" \/>\n<\/div>\n<div class=\"wpcf7-response-output\" aria-hidden=\"true\"><\/div>\n<p><label><span class=\"wpcf7-form-control-wrap\" data-name=\"your-name\"><input size=\"40\" class=\"wpcf7-form-control wpcf7-text wpcf7-validates-as-required\" aria-required=\"true\" aria-invalid=\"false\" placeholder=\"Imi\u0119 i nazwisko\" value=\"\" type=\"text\" name=\"your-name\" \/><\/span><\/label>\n<\/p>\n<p><label><span class=\"wpcf7-form-control-wrap\" data-name=\"your-email\"><input size=\"40\" class=\"wpcf7-form-control wpcf7-email wpcf7-validates-as-required wpcf7-text wpcf7-validates-as-email\" aria-required=\"true\" aria-invalid=\"false\" placeholder=\"Email\" value=\"\" type=\"email\" name=\"your-email\" \/><\/span><\/label>\n<\/p>\n<p><label><span class=\"wpcf7-form-control-wrap\" data-name=\"your-subject\"><input size=\"40\" class=\"wpcf7-form-control wpcf7-text\" aria-invalid=\"false\" placeholder=\"Temat\" value=\"\" type=\"text\" name=\"your-subject\" \/><\/span> <\/label>\n<\/p>\n<p><label style=\"display: block\"><span class=\"wpcf7-form-control-wrap\" data-name=\"your-message\"><textarea cols=\"40\" rows=\"10\" class=\"wpcf7-form-control wpcf7-textarea\" aria-invalid=\"false\" placeholder=\"Wiadomo\u015b\u0107\" name=\"your-message\"><\/textarea><\/span><\/label>\n<\/p>\n<p><span class=\"wpcf7-form-control-wrap\" data-name=\"acceptance-51\"><span class=\"wpcf7-form-control wpcf7-acceptance\"><span class=\"wpcf7-list-item\"><label><input type=\"checkbox\" name=\"acceptance-51\" value=\"1\" aria-invalid=\"false\" \/><span class=\"wpcf7-list-item-label\">Wyra\u017cam zgod\u0119 na przetwarzanie danych osobowych \u2013 imienia, nazwiska, adresu email podanych w powy\u017cszym Formularzu kontaktowym przez Stowarzyszenie Spo\u017cywo w celu udzielenia odpowiedzi na zapytanie z\u0142o\u017cone za jego po\u015brednictwem.<\/span><\/label><\/span><\/span><\/span>\n<\/p>\n<p><span class=\"wpcf7-form-control-wrap\" data-name=\"acceptance-52\"><span class=\"wpcf7-form-control wpcf7-acceptance\"><span class=\"wpcf7-list-item\"><label><input type=\"checkbox\" name=\"acceptance-52\" value=\"1\" aria-invalid=\"false\" \/><span class=\"wpcf7-list-item-label\">O\u015bwiadczam, \u017ce zapozna\u0142em si\u0119 i akceptuj\u0119 <a href=\"\/regulamin_uslug\/\" target=\"_blank\">Regulamin \u015bwiadczenia us\u0142ug drog\u0105 elektroniczn\u0105<\/a> i <a href=\"\/polityka\/\" target=\"_blank\">Polityk\u0119 prywatno\u015bci<\/a>.<\/span><\/label><\/span><\/span><\/span>\n<\/p>\n<p><input class=\"wpcf7-form-control wpcf7-submit has-spinner\" type=\"submit\" value=\"Wy\u015blij\" \/>\n<\/p>\n<\/form>\n<\/div>\n\n","protected":false},"excerpt":{"rendered":"<p>Rozwojowa praca online dla dietetyk\u00f3w, lekarzy i specjalist\u00f3w Stowarzyszenie Spo\u017cywo zatrudni dietetyk\u00f3w, wyk\u0142adowc\u00f3w i innych specjalist\u00f3w z dziedziny \u017cywienia do wsp\u00f3\u0142pracy przy organizacji konferencji i spotka\u0144, udzielaniu konsultacji dla pacjent\u00f3w, tworzeniu materia\u0142\u00f3w dla pacjent\u00f3w i dietetyk\u00f3w. CO OFERUJEMY? prac\u0119 na zlecenie udzia\u0142 w projektach Stowarzyszenia: konferencje naukowe, szkolenia, spotkania wynagrodzenie&hellip;<\/p>\n","protected":false},"author":1,"featured_media":0,"parent":0,"menu_order":0,"comment_status":"closed","ping_status":"closed","template":"custom-page.php","meta":{"footnotes":""},"class_list":["post-1892","page","type-page","status-publish","hentry"],"_links":{"self":[{"href":"https:\/\/spozywo.org\/index.php?rest_route=\/wp\/v2\/pages\/1892","targetHints":{"allow":["GET"]}}],"collection":[{"href":"https:\/\/spozywo.org\/index.php?rest_route=\/wp\/v2\/pages"}],"about":[{"href":"https:\/\/spozywo.org\/index.php?rest_route=\/wp\/v2\/types\/page"}],"author":[{"embeddable":true,"href":"https:\/\/spozywo.org\/index.php?rest_route=\/wp\/v2\/users\/1"}],"replies":[{"embeddable":true,"href":"https:\/\/spozywo.org\/index.php?rest_route=%2Fwp%2Fv2%2Fcomments&post=1892"}],"version-history":[{"count":3,"href":"https:\/\/spozywo.org\/index.php?rest_route=\/wp\/v2\/pages\/1892\/revisions"}],"predecessor-version":[{"id":2101,"href":"https:\/\/spozywo.org\/index.php?rest_route=\/wp\/v2\/pages\/1892\/revisions\/2101"}],"wp:attachment":[{"href":"https:\/\/spozywo.org\/index.php?rest_route=%2Fwp%2Fv2%2Fmedia&parent=1892"}],"curies":[{"name":"wp","href":"https:\/\/api.w.org\/{rel}","templated":true}]}}