{"id":1886,"date":"2019-02-20T14:33:06","date_gmt":"2019-02-20T13:33:06","guid":{"rendered":"https:\/\/spozywo.pl\/?page_id=1886"},"modified":"2021-02-09T20:00:43","modified_gmt":"2021-02-09T19:00:43","slug":"pacjenci","status":"publish","type":"page","link":"https:\/\/spozywo.org\/?page_id=1886","title":{"rendered":"Pacjenci"},"content":{"rendered":"<h2><b>Bezp\u0142atne <\/b><b>konsultacje dietetyczne <\/b><b>dla pacjent\u00f3w z cukrzyc\u0105 typu pierwszego<\/b><\/h2>\n<p>Zdiagnozowano u Ciebie cukrzyc\u0119 typu pierwszego lub cukrzyc\u0119 ci\u0105\u017cow\u0105?<\/p>\n<p>Potrzebujesz pomocy z zaplanowaniem zdrowych posi\u0142k\u00f3w?<\/p>\n<p>Zapisz si\u0119 na konsultacje w Stowarzyszeniu Spo\u017cywo.<\/p>\n<ul>\n<li>bezp\u0142atne konsultacje online: 2 rozmowy z dietetykiem (po 60 min.) w ci\u0105gu miesi\u0105ca<\/li>\n<li>analiza zapotrzebowania na kalorie i sk\u0142adniki od\u017cywcze<\/li>\n<li>praktyczne wskaz\u00f3wki \u017cywieniowe zamiast gotowych jad\u0142ospis\u00f3w<\/li>\n<li>rozwianie w\u0105tpliwo\u015bci i porady dobrane specjalnie do Twoich potrzeb<\/li>\n<\/ul>\n<h3><b>Dla kogo?<\/b><\/h3>\n<p>Obecnie trwaj\u0105cy projekt obejmuje bezp\u0142atne konsultacje dla os\u00f3b chorych na cukrzyc\u0119 typu pierwszego, cukrzyc\u0119 typu LADA oraz cukrzyc\u0119 ci\u0105\u017cow\u0105.<\/p>\n<h3><b>Kontekst<\/b><\/h3>\n<p>Stowarzyszenie Spo\u017cywo jest organizacj\u0105 NGO &#8211; za wszelkie dzia\u0142ania, takie jak konsultacje czy tworzenie i udost\u0119pnianie materia\u0142\u00f3w edukacyjnych nie s\u0105 pobierane \u017cadne op\u0142aty.\u00a0 Od 3 lat prowadzi dzia\u0142alno\u015b\u0107 edukacyjno-szkoleniow\u0105 w formie projekt\u00f3w i wydarze\u0144, takich jak organizacja konferencji, prelekcji i wyk\u0142ad\u00f3w, warsztaty dla dietetyk\u00f3w i lekarzy. Jednak g\u0142\u00f3wnym zdaniem naszej organizacji jest pomoc osobom z chorobami dietozale\u017cnymi pro-bono. Opr\u00f3cz tego prowadzimy ci\u0105g\u0142\u0105 dzia\u0142alno\u015b\u0107 edukacyjn\u0105 na portalu spozywo.pl i w powi\u0105zanych kana\u0142ach social media (Facebook, Instagram).<\/p>\n<p>Stowarzyszenie tworzy ponad 30 os\u00f3b. S\u0105 to dyplomowani dietetycy z uczelni pa\u0144stwowych i prywatnych, biotechnolodzy, doktorzy nauk medycznych, studenci dietetyki i kierunk\u00f3w pokrewnych, osoby zajmuj\u0105ce si\u0119 zawodowo \u017cywieniem. Na sta\u0142e wsp\u00f3\u0142pracujemy z wydzia\u0142em Biochemii i \u017bywienia Cz\u0142owieka Pomorskiego Uniwersytetu Medycznego w zakresie poprawno\u015bci merytorycznej publikowanych przez nas tre\u015bci.<\/p>\n<h3><b>Jak si\u0119 zapisa\u0107?<\/b><\/h3>\n<ol>\n<li>Wype\u0142nij poni\u017cszy formularz, opisz Tw\u00f3j stan zdrowia og\u00f3\u0142em.<\/li>\n<li>Po zatwierdzeniu zg\u0142oszenia otrzymasz link do wywiadu zdrowotnego.<\/li>\n<li>Po analizie wywiadu przydzielimy Ci osob\u0119, z kt\u00f3r\u0105 porozmawiasz.<\/li>\n<\/ol>\n<p>&nbsp;<\/p>\n<h3><b>Czy w innych jednostkach chorobowych udzielamy darmowej porady?<\/b><\/h3>\n<p>Nasze zako\u0144czone projekty to:<br \/>\nChoroby zapalne jelit: choroba Crohna, wrzodziej\u0105ce zapalenie jelita grubego (WZJG), zesp\u00f3\u0142 jelita dra\u017cliwego<br \/>\nChoroby zapalne \u017co\u0142\u0105dka<br \/>\nChoroba wrzodowa \u017co\u0142\u0105dka i dwunastnicy<\/p>\n<p>Je\u015bli zdiagnozowano je u Ciebie b\u0119dziemy wstanie podes\u0142a\u0107 Ci warto\u015bciowe materia\u0142y aby nauczy\u0107 si\u0119 .<\/p>\n<p>Je\u015bli masz inn\u0105 chorob\u0119 dietozale\u017cn\u0105 &#8211; prosimy, wype\u0142nij formularz.<\/p>\n<p>Poinformujemy Ci\u0119 o uruchomieniu kolejnych projekt\u00f3w bezp\u0142atnych konsultacji.<\/p>\n<h3><\/h3>\n\n<div class=\"wpcf7 no-js\" id=\"wpcf7-f2102-o1\" lang=\"pl-PL\" dir=\"ltr\">\n<div class=\"screen-reader-response\"><p role=\"status\" aria-live=\"polite\" aria-atomic=\"true\"><\/p> <ul><\/ul><\/div>\n<form action=\"\/index.php?rest_route=%2Fwp%2Fv2%2Fpages%2F1886#wpcf7-f2102-o1\" method=\"post\" class=\"wpcf7-form init\" aria-label=\"Formularz kontaktowy\" novalidate=\"novalidate\" data-status=\"init\">\n<div style=\"display: none;\">\n<input type=\"hidden\" name=\"_wpcf7\" value=\"2102\" \/>\n<input type=\"hidden\" name=\"_wpcf7_version\" value=\"5.8\" \/>\n<input type=\"hidden\" name=\"_wpcf7_locale\" value=\"pl_PL\" \/>\n<input type=\"hidden\" name=\"_wpcf7_unit_tag\" value=\"wpcf7-f2102-o1\" \/>\n<input type=\"hidden\" name=\"_wpcf7_container_post\" value=\"0\" \/>\n<input type=\"hidden\" name=\"_wpcf7_posted_data_hash\" value=\"\" \/>\n<\/div>\n<div class=\"wpcf7-response-output\" aria-hidden=\"true\"><\/div>\n<p><label><span class=\"wpcf7-form-control-wrap\" data-name=\"your-name\"><input size=\"40\" class=\"wpcf7-form-control wpcf7-text wpcf7-validates-as-required\" aria-required=\"true\" aria-invalid=\"false\" placeholder=\"Imi\u0119 i nazwisko\" value=\"\" type=\"text\" name=\"your-name\" \/><\/span><\/label>\n<\/p>\n<p><label><span class=\"wpcf7-form-control-wrap\" data-name=\"your-email\"><input size=\"40\" class=\"wpcf7-form-control wpcf7-email wpcf7-validates-as-required wpcf7-text wpcf7-validates-as-email\" aria-required=\"true\" aria-invalid=\"false\" placeholder=\"Email\" value=\"\" type=\"email\" name=\"your-email\" \/><\/span><\/label>\n<\/p>\n<p><label><span class=\"wpcf7-form-control-wrap\" data-name=\"your-subject\"><input size=\"40\" class=\"wpcf7-form-control wpcf7-text\" aria-invalid=\"false\" placeholder=\"Temat\" value=\"\" type=\"text\" name=\"your-subject\" \/><\/span> <\/label>\n<\/p>\n<p><label style=\"display: block\"><span class=\"wpcf7-form-control-wrap\" data-name=\"your-message\"><textarea cols=\"40\" rows=\"10\" class=\"wpcf7-form-control wpcf7-textarea\" aria-invalid=\"false\" placeholder=\"Wiadomo\u015b\u0107\" name=\"your-message\"><\/textarea><\/span><\/label>\n<\/p>\n<p><span class=\"wpcf7-form-control-wrap\" data-name=\"acceptance-51\"><span class=\"wpcf7-form-control wpcf7-acceptance\"><span class=\"wpcf7-list-item\"><label><input type=\"checkbox\" name=\"acceptance-51\" value=\"1\" aria-invalid=\"false\" \/><span class=\"wpcf7-list-item-label\">Wyra\u017cam zgod\u0119 na przetwarzanie danych osobowych \u2013 imienia, nazwiska, adresu email podanych w powy\u017cszym Formularzu kontaktowym przez Stowarzyszenie Spo\u017cywo w celu udzielenia odpowiedzi na zapytanie z\u0142o\u017cone za jego po\u015brednictwem.<\/span><\/label><\/span><\/span><\/span>\n<\/p>\n<p><span class=\"wpcf7-form-control-wrap\" data-name=\"acceptance-52\"><span class=\"wpcf7-form-control wpcf7-acceptance\"><span class=\"wpcf7-list-item\"><label><input type=\"checkbox\" name=\"acceptance-52\" value=\"1\" aria-invalid=\"false\" \/><span class=\"wpcf7-list-item-label\">O\u015bwiadczam, \u017ce zapozna\u0142em si\u0119 i akceptuj\u0119 <a href=\"\/regulamin_uslug\/\" target=\"_blank\">Regulamin \u015bwiadczenia us\u0142ug drog\u0105 elektroniczn\u0105<\/a> i <a href=\"\/polityka\/\" target=\"_blank\">Polityk\u0119 prywatno\u015bci<\/a>.<\/span><\/label><\/span><\/span><\/span>\n<\/p>\n<p><input class=\"wpcf7-form-control wpcf7-submit has-spinner\" type=\"submit\" value=\"Wy\u015blij\" \/>\n<\/p>\n<\/form>\n<\/div>\n\n","protected":false},"excerpt":{"rendered":"<p>Bezp\u0142atne konsultacje dietetyczne dla pacjent\u00f3w z cukrzyc\u0105 typu pierwszego Zdiagnozowano u Ciebie cukrzyc\u0119 typu pierwszego lub cukrzyc\u0119 ci\u0105\u017cow\u0105? Potrzebujesz pomocy z zaplanowaniem zdrowych posi\u0142k\u00f3w? Zapisz si\u0119 na konsultacje w Stowarzyszeniu Spo\u017cywo. bezp\u0142atne konsultacje online: 2 rozmowy z dietetykiem (po 60 min.) w ci\u0105gu miesi\u0105ca analiza zapotrzebowania na kalorie i sk\u0142adniki&hellip;<\/p>\n","protected":false},"author":1,"featured_media":0,"parent":0,"menu_order":0,"comment_status":"closed","ping_status":"closed","template":"custom-page.php","meta":{"footnotes":""},"class_list":["post-1886","page","type-page","status-publish","hentry"],"_links":{"self":[{"href":"https:\/\/spozywo.org\/index.php?rest_route=\/wp\/v2\/pages\/1886","targetHints":{"allow":["GET"]}}],"collection":[{"href":"https:\/\/spozywo.org\/index.php?rest_route=\/wp\/v2\/pages"}],"about":[{"href":"https:\/\/spozywo.org\/index.php?rest_route=\/wp\/v2\/types\/page"}],"author":[{"embeddable":true,"href":"https:\/\/spozywo.org\/index.php?rest_route=\/wp\/v2\/users\/1"}],"replies":[{"embeddable":true,"href":"https:\/\/spozywo.org\/index.php?rest_route=%2Fwp%2Fv2%2Fcomments&post=1886"}],"version-history":[{"count":13,"href":"https:\/\/spozywo.org\/index.php?rest_route=\/wp\/v2\/pages\/1886\/revisions"}],"predecessor-version":[{"id":23216,"href":"https:\/\/spozywo.org\/index.php?rest_route=\/wp\/v2\/pages\/1886\/revisions\/23216"}],"wp:attachment":[{"href":"https:\/\/spozywo.org\/index.php?rest_route=%2Fwp%2Fv2%2Fmedia&parent=1886"}],"curies":[{"name":"wp","href":"https:\/\/api.w.org\/{rel}","templated":true}]}}